{"id":23044,"date":"2026-04-10T03:57:27","date_gmt":"2026-04-10T07:57:27","guid":{"rendered":"https:\/\/functional-strength.academy\/?post_type=product&#038;p=23044"},"modified":"2026-04-10T04:00:38","modified_gmt":"2026-04-10T08:00:38","slug":"entraineur-prive-coach-mobilite-offre-speciale-40-4-paiements","status":"publish","type":"product","link":"https:\/\/functional-strength.academy\/fr\/produit\/entraineur-prive-coach-mobilite-offre-speciale-40-4-paiements\/","title":{"rendered":"Entra\u00eeneur Priv\u00e9 + Coach Mobilit\u00e9 (Offre sp\u00e9ciale 40%) \u2013 4 paiements"},"content":{"rendered":"","protected":false},"excerpt":{"rendered":"","protected":false},"featured_media":16635,"comment_status":"open","ping_status":"closed","template":"","meta":{"_acf_changed":false,"inline_featured_image":false},"product_brand":[],"product_cat":[61],"product_tag":[],"class_list":{"0":"post-23044","1":"product","2":"type-product","3":"status-publish","4":"has-post-thumbnail","6":"product_cat-certification","8":"first","9":"instock","10":"sale","11":"virtual","12":"sold-individually","13":"taxable","14":"purchasable","15":"product-type-subscription"},"acf":[],"_links":{"self":[{"href":"https:\/\/functional-strength.academy\/fr\/wp-json\/wp\/v2\/product\/23044","targetHints":{"allow":["GET"]}}],"collection":[{"href":"https:\/\/functional-strength.academy\/fr\/wp-json\/wp\/v2\/product"}],"about":[{"href":"https:\/\/functional-strength.academy\/fr\/wp-json\/wp\/v2\/types\/product"}],"replies":[{"embeddable":true,"href":"https:\/\/functional-strength.academy\/fr\/wp-json\/wp\/v2\/comments?post=23044"}],"wp:featuredmedia":[{"embeddable":true,"href":"https:\/\/functional-strength.academy\/fr\/wp-json\/wp\/v2\/media\/16635"}],"wp:attachment":[{"href":"https:\/\/functional-strength.academy\/fr\/wp-json\/wp\/v2\/media?parent=23044"}],"wp:term":[{"taxonomy":"product_brand","embeddable":true,"href":"https:\/\/functional-strength.academy\/fr\/wp-json\/wp\/v2\/product_brand?post=23044"},{"taxonomy":"product_cat","embeddable":true,"href":"https:\/\/functional-strength.academy\/fr\/wp-json\/wp\/v2\/product_cat?post=23044"},{"taxonomy":"product_tag","embeddable":true,"href":"https:\/\/functional-strength.academy\/fr\/wp-json\/wp\/v2\/product_tag?post=23044"}],"curies":[{"name":"wp","href":"https:\/\/api.w.org\/{rel}","templated":true}]}}