{"id":23042,"date":"2026-04-10T03:47:21","date_gmt":"2026-04-10T07:47:21","guid":{"rendered":"https:\/\/functional-strength.academy\/?post_type=product&#038;p=23042"},"modified":"2026-04-10T03:54:32","modified_gmt":"2026-04-10T07:54:32","slug":"entraineur-prive-coach-transformation-physique-offre-speciale-30-4-paiements","status":"publish","type":"product","link":"https:\/\/functional-strength.academy\/fr\/produit\/entraineur-prive-coach-transformation-physique-offre-speciale-30-4-paiements\/","title":{"rendered":"Entra\u00eeneur Priv\u00e9 + Coach Transformation Physique (Offre sp\u00e9ciale 30%)  \u2013 4 paiements"},"content":{"rendered":"","protected":false},"excerpt":{"rendered":"","protected":false},"featured_media":16635,"comment_status":"open","ping_status":"closed","template":"","meta":{"_acf_changed":false,"inline_featured_image":false},"product_brand":[],"product_cat":[61],"product_tag":[],"class_list":{"0":"post-23042","1":"product","2":"type-product","3":"status-publish","4":"has-post-thumbnail","6":"product_cat-certification","8":"first","9":"instock","10":"sale","11":"virtual","12":"sold-individually","13":"taxable","14":"purchasable","15":"product-type-subscription"},"acf":[],"_links":{"self":[{"href":"https:\/\/functional-strength.academy\/fr\/wp-json\/wp\/v2\/product\/23042","targetHints":{"allow":["GET"]}}],"collection":[{"href":"https:\/\/functional-strength.academy\/fr\/wp-json\/wp\/v2\/product"}],"about":[{"href":"https:\/\/functional-strength.academy\/fr\/wp-json\/wp\/v2\/types\/product"}],"replies":[{"embeddable":true,"href":"https:\/\/functional-strength.academy\/fr\/wp-json\/wp\/v2\/comments?post=23042"}],"wp:featuredmedia":[{"embeddable":true,"href":"https:\/\/functional-strength.academy\/fr\/wp-json\/wp\/v2\/media\/16635"}],"wp:attachment":[{"href":"https:\/\/functional-strength.academy\/fr\/wp-json\/wp\/v2\/media?parent=23042"}],"wp:term":[{"taxonomy":"product_brand","embeddable":true,"href":"https:\/\/functional-strength.academy\/fr\/wp-json\/wp\/v2\/product_brand?post=23042"},{"taxonomy":"product_cat","embeddable":true,"href":"https:\/\/functional-strength.academy\/fr\/wp-json\/wp\/v2\/product_cat?post=23042"},{"taxonomy":"product_tag","embeddable":true,"href":"https:\/\/functional-strength.academy\/fr\/wp-json\/wp\/v2\/product_tag?post=23042"}],"curies":[{"name":"wp","href":"https:\/\/api.w.org\/{rel}","templated":true}]}}