{"id":23024,"date":"2026-04-10T02:22:33","date_gmt":"2026-04-10T06:22:33","guid":{"rendered":"https:\/\/functional-strength.academy\/?post_type=product&#038;p=23024"},"modified":"2026-04-10T02:26:49","modified_gmt":"2026-04-10T06:26:49","slug":"entraineur-prive-coach-mobilite-offre-speciale-40-1-paiement","status":"publish","type":"product","link":"https:\/\/functional-strength.academy\/fr\/produit\/entraineur-prive-coach-mobilite-offre-speciale-40-1-paiement\/","title":{"rendered":"Entra\u00eeneur Priv\u00e9 + Coach Mobilit\u00e9 (Offre sp\u00e9ciale 40%) \u2013 1 paiement"},"content":{"rendered":"","protected":false},"excerpt":{"rendered":"","protected":false},"featured_media":16635,"comment_status":"open","ping_status":"closed","template":"","meta":{"_acf_changed":false,"inline_featured_image":false},"product_brand":[],"product_cat":[61],"product_tag":[],"class_list":{"0":"post-23024","1":"product","2":"type-product","3":"status-publish","4":"has-post-thumbnail","6":"product_cat-certification","8":"first","9":"instock","10":"sale","11":"virtual","12":"sold-individually","13":"taxable","14":"purchasable","15":"product-type-simple"},"acf":[],"_links":{"self":[{"href":"https:\/\/functional-strength.academy\/fr\/wp-json\/wp\/v2\/product\/23024","targetHints":{"allow":["GET"]}}],"collection":[{"href":"https:\/\/functional-strength.academy\/fr\/wp-json\/wp\/v2\/product"}],"about":[{"href":"https:\/\/functional-strength.academy\/fr\/wp-json\/wp\/v2\/types\/product"}],"replies":[{"embeddable":true,"href":"https:\/\/functional-strength.academy\/fr\/wp-json\/wp\/v2\/comments?post=23024"}],"wp:featuredmedia":[{"embeddable":true,"href":"https:\/\/functional-strength.academy\/fr\/wp-json\/wp\/v2\/media\/16635"}],"wp:attachment":[{"href":"https:\/\/functional-strength.academy\/fr\/wp-json\/wp\/v2\/media?parent=23024"}],"wp:term":[{"taxonomy":"product_brand","embeddable":true,"href":"https:\/\/functional-strength.academy\/fr\/wp-json\/wp\/v2\/product_brand?post=23024"},{"taxonomy":"product_cat","embeddable":true,"href":"https:\/\/functional-strength.academy\/fr\/wp-json\/wp\/v2\/product_cat?post=23024"},{"taxonomy":"product_tag","embeddable":true,"href":"https:\/\/functional-strength.academy\/fr\/wp-json\/wp\/v2\/product_tag?post=23024"}],"curies":[{"name":"wp","href":"https:\/\/api.w.org\/{rel}","templated":true}]}}