{"id":18049,"date":"2024-02-29T22:08:31","date_gmt":"2024-03-01T03:08:31","guid":{"rendered":"https:\/\/functional-strength.academy\/?post_type=product&#038;p=18049"},"modified":"2025-01-12T19:15:06","modified_gmt":"2025-01-13T00:15:06","slug":"certification-entraineur-prive-3-paiements-2","status":"publish","type":"product","link":"https:\/\/functional-strength.academy\/fr\/produit\/certification-entraineur-prive-3-paiements-2\/","title":{"rendered":"Certification Entra\u00eeneur Priv\u00e9 \u2013 3 paiements"},"content":{"rendered":"<p>En compl\u00e9tant ta certification FSA, tu seras un entra\u00eeneur comp\u00e9tent et bien outill\u00e9 pour aider tes tout premiers clients.<\/p>\n","protected":false},"excerpt":{"rendered":"<p>En compl\u00e9tant ta certification FSA, tu seras un entra\u00eeneur comp\u00e9tent et bien outill\u00e9 pour aider tes tout premiers clients.<\/p>\n","protected":false},"featured_media":16635,"comment_status":"open","ping_status":"closed","template":"","meta":{"_acf_changed":false,"inline_featured_image":false},"product_brand":[],"product_cat":[61],"product_tag":[],"class_list":{"0":"post-18049","1":"product","2":"type-product","3":"status-publish","4":"has-post-thumbnail","6":"product_cat-certification","8":"first","9":"instock","10":"virtual","11":"sold-individually","12":"taxable","13":"purchasable","14":"product-type-subscription"},"acf":[],"_links":{"self":[{"href":"https:\/\/functional-strength.academy\/fr\/wp-json\/wp\/v2\/product\/18049","targetHints":{"allow":["GET"]}}],"collection":[{"href":"https:\/\/functional-strength.academy\/fr\/wp-json\/wp\/v2\/product"}],"about":[{"href":"https:\/\/functional-strength.academy\/fr\/wp-json\/wp\/v2\/types\/product"}],"replies":[{"embeddable":true,"href":"https:\/\/functional-strength.academy\/fr\/wp-json\/wp\/v2\/comments?post=18049"}],"wp:featuredmedia":[{"embeddable":true,"href":"https:\/\/functional-strength.academy\/fr\/wp-json\/wp\/v2\/media\/16635"}],"wp:attachment":[{"href":"https:\/\/functional-strength.academy\/fr\/wp-json\/wp\/v2\/media?parent=18049"}],"wp:term":[{"taxonomy":"product_brand","embeddable":true,"href":"https:\/\/functional-strength.academy\/fr\/wp-json\/wp\/v2\/product_brand?post=18049"},{"taxonomy":"product_cat","embeddable":true,"href":"https:\/\/functional-strength.academy\/fr\/wp-json\/wp\/v2\/product_cat?post=18049"},{"taxonomy":"product_tag","embeddable":true,"href":"https:\/\/functional-strength.academy\/fr\/wp-json\/wp\/v2\/product_tag?post=18049"}],"curies":[{"name":"wp","href":"https:\/\/api.w.org\/{rel}","templated":true}]}}