{"id":16715,"date":"2024-01-14T20:50:12","date_gmt":"2024-01-15T01:50:12","guid":{"rendered":"https:\/\/functional-strength.academy\/?post_type=product&#038;p=16715"},"modified":"2026-03-02T02:32:36","modified_gmt":"2026-03-02T07:32:36","slug":"certification-entraineur-prive-elite-offre-speciale-50-1-paiement","status":"publish","type":"product","link":"https:\/\/functional-strength.academy\/fr\/produit\/certification-entraineur-prive-elite-offre-speciale-50-1-paiement\/","title":{"rendered":"Certification Entra\u00eeneur Priv\u00e9 \u00c9LITE (Offre sp\u00e9ciale 50%) \u2013 1 paiement"},"content":{"rendered":"<p>En compl\u00e9tant ta certification FSA, tu seras un entra\u00eeneur comp\u00e9tent et bien outill\u00e9 pour aider tes tout premiers clients.<\/p>\n","protected":false},"excerpt":{"rendered":"<p>En compl\u00e9tant ta certification FSA, tu seras un entra\u00eeneur comp\u00e9tent et bien outill\u00e9 pour aider tes tout premiers clients.<\/p>\n","protected":false},"featured_media":16635,"comment_status":"open","ping_status":"closed","template":"","meta":{"_acf_changed":false,"inline_featured_image":false},"product_brand":[],"product_cat":[61],"product_tag":[],"class_list":{"0":"post-16715","1":"product","2":"type-product","3":"status-publish","4":"has-post-thumbnail","6":"product_cat-certification","8":"first","9":"instock","10":"sale","11":"virtual","12":"sold-individually","13":"taxable","14":"purchasable","15":"product-type-simple"},"acf":[],"_links":{"self":[{"href":"https:\/\/functional-strength.academy\/fr\/wp-json\/wp\/v2\/product\/16715","targetHints":{"allow":["GET"]}}],"collection":[{"href":"https:\/\/functional-strength.academy\/fr\/wp-json\/wp\/v2\/product"}],"about":[{"href":"https:\/\/functional-strength.academy\/fr\/wp-json\/wp\/v2\/types\/product"}],"replies":[{"embeddable":true,"href":"https:\/\/functional-strength.academy\/fr\/wp-json\/wp\/v2\/comments?post=16715"}],"wp:featuredmedia":[{"embeddable":true,"href":"https:\/\/functional-strength.academy\/fr\/wp-json\/wp\/v2\/media\/16635"}],"wp:attachment":[{"href":"https:\/\/functional-strength.academy\/fr\/wp-json\/wp\/v2\/media?parent=16715"}],"wp:term":[{"taxonomy":"product_brand","embeddable":true,"href":"https:\/\/functional-strength.academy\/fr\/wp-json\/wp\/v2\/product_brand?post=16715"},{"taxonomy":"product_cat","embeddable":true,"href":"https:\/\/functional-strength.academy\/fr\/wp-json\/wp\/v2\/product_cat?post=16715"},{"taxonomy":"product_tag","embeddable":true,"href":"https:\/\/functional-strength.academy\/fr\/wp-json\/wp\/v2\/product_tag?post=16715"}],"curies":[{"name":"wp","href":"https:\/\/api.w.org\/{rel}","templated":true}]}}