{"id":14939,"date":"2022-12-09T12:02:07","date_gmt":"2022-12-09T17:02:07","guid":{"rendered":"https:\/\/functional-strength.academy\/?page_id=14939"},"modified":"2026-03-10T03:20:07","modified_gmt":"2026-03-10T07:20:07","slug":"accueil","status":"publish","type":"page","link":"https:\/\/functional-strength.academy\/fr\/","title":{"rendered":"Accueil"},"content":{"rendered":"\n\n\t\t<h1>\n\t\t\tNOUS PROPULSONS LA PROCHAINE G\u00c9N\u00c9RATION D&#8217;ENTRA\u00ceNEURS PRIV\u00c9S\n\t\t<\/h1>\n\t\t\t<h3>Devenez la r\u00e9f\u00e9rence en entra\u00eenement gr\u00e2ce \u00e0 des formations compl\u00e8tes<\/h3>\t\t\n\t\t\t<a href=\"https:\/\/functional-strength.academy\/fr\/certification-entraineur-prive\/\"  target=\"_self\">\n\t\t\t\t\t\tEN SAVOIR PLUS\n\t\t\t\t\t<\/a>\n\t\t<h2>\n\t\t\tD\u00e9couvrez la formation qui vous convient\n\t\t\t\t\t\t\t\t\t\t\tet profitez de l&#8217;expertise d&#8217;une acad\u00e9mie de renomm\u00e9e internationale\n\t\t<\/h2>\n\t\t<h2>\n\t\t\tFormation pour devenir entra\u00eeneur priv\u00e9\n\t\t<\/h2>\n\t\t\t<a href=\"https:\/\/functional-strength.academy\/fr\/certification-entraineur-prive\/\"  target=\"_self\">\n\t\t\t\t\t\tEN SAVOIR PLUS\n\t\t\t\t\t<\/a>\n\t\t<h2>\n\t\t\t\t\t\t\t<a\n\t\t\t\t\thref=\"https:\/\/functional-strength.academy\/cqp-instructeur-fitness\/\"\n\t\t\t\t\ttarget=\"_self\">\n\t\t\tFondamentaux de la mobilit\u00e9\n\t\t\t\t\t\t\t\t\t\t\t&#8211; Rehab-U\n\t\t\t\t\t\t\t<\/a>\n\t\t<\/h2>\n\t\t\t<a href=\"https:\/\/functional-strength.academy\/cqp-instructeur-fitness\/\"  target=\"_self\">\n\t\t\t\t\t\tEN SAVOIR PLUS\n\t\t\t\t\t<\/a>\n\t\t<h2>\n\t\t\tCertification Optimisation du Mouvement\n\t\t\t\t\t\t\t\t\t\t\t&#8211; Rehab-U\n\t\t<\/h2>\n\t\t\t<a href=\"https:\/\/functional-strength.academy\/certification-rehabu\/\"  target=\"_self\">\n\t\t\t\t\t\tEN SAVOIR PLUS\n\t\t\t\t\t<\/a>\n\t<p><strong>Functional Strength Academy vous permet d&#8217;acc\u00e9l\u00e9rer votre carri\u00e8re en entra\u00eenement<\/strong><\/p>\n<p>Nous vous transmettons les connaissances et le savoir-faire dont vous avez besoin pour r\u00e9ussir et vous supportons dans le d\u00e9veloppement de votre carri\u00e8re avec de la formation continue en partenariat avec Rehab-U Movement &amp; Performance Therapy.<\/p>\n<p>&nbsp;<\/p>\n<figure itemscope itemtype=\"https:\/\/schema.org\/ImageObject\">\n\t\t\t\t<img decoding=\"async\" src=\"https:\/\/functional-strength.academy\/wp-content\/uploads\/2022\/11\/shutterstock_1126810739-scaled.jpg\" alt=\"Shot,Of,A,Young,Couple,Working,Out,At,The,Gym\" height=\"1707\" width=\"2560\" title=\"Shot,Of,A,Young,Couple,Working,Out,At,The,Gym\" onerror=\"this.style.display='none'\" loading=\"lazy\" \/>\n\t<\/figure>\n\t\t<h2>\n\t\t\tPourquoi d\u00e9buter une carri\u00e8re dans le domaine de l&#8217;entra\u00eenement?\n\t\t<\/h2>\n\t\t<ul>\n\t\t\t\t\t<li>\n\t\t\t\t\t\t\t\t\t\t\t<img loading=\"lazy\" decoding=\"async\" src=\"https:\/\/functional-strength.academy\/wp-content\/uploads\/2022\/11\/checked-list.png\" alt=\"checked-list\" width=\"81\" height=\"81\" \/>\n\t\t\t\t<h3>VIVRE DE VOTRE PASSION<\/h3>\n\t\t\t<\/li>\n\t\t\t\t\t<li>\n\t\t\t\t\t\t\t\t\t\t\t<img loading=\"lazy\" decoding=\"async\" src=\"https:\/\/functional-strength.academy\/wp-content\/uploads\/2022\/11\/checked-list.png\" alt=\"checked-list\" width=\"81\" height=\"81\" \/>\n\t\t\t\t<h3>PROFITER D&#8217;UNE PROFESSION EN CROISSANCE<\/h3>\n\t\t\t<\/li>\n\t\t\t\t\t<li>\n\t\t\t\t\t\t\t\t\t\t\t<img loading=\"lazy\" decoding=\"async\" src=\"https:\/\/functional-strength.academy\/wp-content\/uploads\/2022\/11\/checked-list.png\" alt=\"checked-list\" width=\"81\" height=\"81\" \/>\n\t\t\t\t<h3>FAIRE UNE DIFF\u00c9RENCE<\/h3>\n\t\t\t<\/li>\n\t\t\t\t\t<li>\n\t\t\t\t\t\t\t\t\t\t\t<img loading=\"lazy\" decoding=\"async\" src=\"https:\/\/functional-strength.academy\/wp-content\/uploads\/2022\/11\/checked-list.png\" alt=\"checked-list\" width=\"81\" height=\"81\" \/>\n\t\t\t\t<h3>AVOIR UN HORAIRE FLEXIBLE<\/h3>\n\t\t\t<\/li>\n\t\t\t\t\t<li>\n\t\t\t\t\t\t\t\t\t\t\t<img loading=\"lazy\" decoding=\"async\" src=\"https:\/\/functional-strength.academy\/wp-content\/uploads\/2022\/11\/checked-list.png\" alt=\"checked-list\" width=\"81\" height=\"81\" \/>\n\t\t\t\t<h3>FAIRE PARTIE D&#8217;UNE COMMUNAUT\u00c9<\/h3>\n\t\t\t<\/li>\n\t\t\t\t<\/ul>\n\t\t\t<a href=\"https:\/\/functional-strength.academy\/fr\/certification-entraineur-prive\/\"  target=\"_self\">\n\t\t\t\t\t\tJE D\u00c9BUTE MA NOUVELLE CARRI\u00c8RE\n\t\t\t\t\t<\/a>\n\t\t<h2>\n\t\t\tVotre parcours chez\n\t\t\t\t\t\t\t\t\t\t\tFunctional Strength Academy \n\t\t<\/h2>\n<figure itemscope itemtype=\"https:\/\/schema.org\/ImageObject\">\n\t\t\t\t<img decoding=\"async\" src=\"https:\/\/functional-strength.academy\/wp-content\/uploads\/2023\/12\/FSA-Accueil_EtapesV2EN.png\" alt=\"FSA-Accueil_EtapesV2EN\" height=\"594\" width=\"1358\" title=\"FSA-Accueil_EtapesV2EN\" onerror=\"this.style.display='none'\" loading=\"lazy\" \/>\n\t<\/figure>\n<figure itemscope itemtype=\"https:\/\/schema.org\/ImageObject\">\n\t\t\t\t<img decoding=\"async\" src=\"https:\/\/functional-strength.academy\/wp-content\/uploads\/2023\/12\/TJA-Accueil_Icone_Plan-de-travail-1-04_Plan-de-travail-1-04.png\" alt=\"TJA-Accueil_Icone_Plan de travail 1-04_Plan de travail 1-04\" height=\"626\" width=\"625\" title=\"TJA-Accueil_Icone_Plan de travail 1-04_Plan de travail 1-04\" onerror=\"this.style.display='none'\" loading=\"lazy\" \/>\n\t<\/figure>\n\t\t<h2>\n\t\t\t Formation 100% en ligne\n\t\t<\/h2>\n\t\t\t<p>Profitez de tous les avantages de la formation en ligne en la compl\u00e9tant \u00e0 votre propre rythme gr\u00e2ce \u00e0 votre acc\u00e8s \u00e0 vie<\/p>\t\t\n<figure itemscope itemtype=\"https:\/\/schema.org\/ImageObject\">\n\t\t\t\t<img decoding=\"async\" src=\"https:\/\/functional-strength.academy\/wp-content\/uploads\/2023\/12\/TJA-Accueil_Icones_Plan-de-travail-1-06.png\" alt=\"TJA-Accueil_Icones_Plan de travail 1-06\" height=\"626\" width=\"626\" title=\"TJA-Accueil_Icones_Plan de travail 1-06\" onerror=\"this.style.display='none'\" loading=\"lazy\" \/>\n\t<\/figure>\n\t\t<h2>\n\t\t\tcertificat\n\t\t<\/h2>\n\t\t\t<p>Obtenez votre certificat de r\u00e9ussite qui d\u00e9montrera l&#8217;expertise que vous avez acquise<\/p>\t\t\n<figure itemscope itemtype=\"https:\/\/schema.org\/ImageObject\">\n\t\t\t\t<img decoding=\"async\" src=\"https:\/\/functional-strength.academy\/wp-content\/uploads\/2023\/12\/TJA-Accueil_Icones_Plan-de-travail-1-05.png\" alt=\"TJA-Accueil_Icones_Plan de travail 1-05\" height=\"626\" width=\"626\" title=\"TJA-Accueil_Icones_Plan de travail 1-05\" onerror=\"this.style.display='none'\" loading=\"lazy\" \/>\n\t<\/figure>\n\t\t<h2>\n\t\t\tcommunaut\u00e9\n\t\t<\/h2>\n\t\t\t<p>B\u00e9n\u00e9ficiez du soutien de vos formateurs et de vos pairs pour faciliter votre apprentissage et votre d\u00e9veloppement<\/p>\t\t\n\t\t<h2>\n\t\t\tVotre directrice p\u00e9dagogique\n\t\t<\/h2>\n<figure itemscope itemtype=\"https:\/\/schema.org\/ImageObject\">\n\t\t\t\t<img decoding=\"async\" src=\"https:\/\/functional-strength.academy\/wp-content\/uploads\/2022\/11\/TJA-Accueil-Formateur-Mai.png\" alt=\"TJA-Accueil-Formateur-Mai\" height=\"500\" width=\"500\" title=\"TJA-Accueil-Formateur-Mai\" onerror=\"this.style.display='none'\" loading=\"lazy\" \/>\n\t<\/figure>\n\t\t<h3>\n\t\t\tMai-Linh Dovan, M.Sc., CAT(C)\n\t\t<\/h3>\n\t\t\t<p>Mai-Linh Dovan est th\u00e9rapeute du sport agr\u00e9\u00e9e et une experte de l&#8217;industrie en mati\u00e8re de r\u00e9adaptation fonctionnelle. Elle est titulaire d&#8217;un baccalaur\u00e9at en Th\u00e9rapie du sport et d&#8217;une ma\u00eetrise en Sciences de l&#8217;exercice de l&#8217;Universit\u00e9 Concordia, o\u00f9 elle a travaill\u00e9 en collaboration avec le D\u00e9partement de psychologie et le Centre de recherche en d\u00e9veloppement humain.\u00a0 Elle enseigne actuellement la r\u00e9athl\u00e9tisation en th\u00e9rapie du sport dans le d\u00e9partement des Sciences de l&#8217;activit\u00e9 physique de l&#8217;Universit\u00e9 du Qu\u00e9bec \u00e0 Trois-Rivi\u00e8res.<\/p>\t\t\n<figure itemscope itemtype=\"https:\/\/schema.org\/ImageObject\">\n\t\t\t\t<img decoding=\"async\" src=\"https:\/\/functional-strength.academy\/wp-content\/uploads\/2023\/12\/20231203_153115-1-scaled.jpg\" alt=\"20231203_153115\" height=\"2560\" width=\"1920\" title=\"20231203_153115\" onerror=\"this.style.display='none'\" loading=\"lazy\" \/>\n\t<\/figure>\n<figure itemscope itemtype=\"https:\/\/schema.org\/ImageObject\">\n\t\t\t\t<img decoding=\"async\" src=\"https:\/\/functional-strength.academy\/wp-content\/uploads\/2022\/11\/TJA-CertificationRehab_Temoignage6FR.gif\" alt=\"TJA-CertificationRehab_Temoignage6FR\" height=\"294\" width=\"294\" title=\"TJA-CertificationRehab_Temoignage6FR\" onerror=\"this.style.display='none'\" loading=\"lazy\" \/>\n\t<\/figure>\n<figure itemscope itemtype=\"https:\/\/schema.org\/ImageObject\">\n\t\t\t\t<img decoding=\"async\" src=\"https:\/\/functional-strength.academy\/wp-content\/uploads\/2023\/12\/20231203_154557-scaled.jpg\" alt=\"20231203_154557\" height=\"2560\" width=\"1920\" title=\"20231203_154557\" onerror=\"this.style.display='none'\" loading=\"lazy\" \/>\n\t<\/figure>\n<figure itemscope itemtype=\"https:\/\/schema.org\/ImageObject\">\n\t\t\t\t<img decoding=\"async\" src=\"https:\/\/functional-strength.academy\/wp-content\/uploads\/2023\/12\/20231203_154353-scaled.jpg\" alt=\"20231203_154353\" height=\"2560\" width=\"1920\" title=\"20231203_154353\" onerror=\"this.style.display='none'\" loading=\"lazy\" \/>\n\t<\/figure>\n<figure itemscope itemtype=\"https:\/\/schema.org\/ImageObject\">\n\t\t\t\t<img decoding=\"async\" src=\"https:\/\/functional-strength.academy\/wp-content\/uploads\/2023\/12\/20231203_153645-scaled.jpg\" alt=\"20231203_153645\" height=\"2560\" width=\"1920\" title=\"20231203_153645\" onerror=\"this.style.display='none'\" loading=\"lazy\" \/>\n\t<\/figure>\n<figure itemscope itemtype=\"https:\/\/schema.org\/ImageObject\">\n\t\t\t\t<img decoding=\"async\" src=\"https:\/\/functional-strength.academy\/wp-content\/uploads\/2023\/12\/LOGO_FOND_BLANC.png\" alt=\"LOGO_FOND_BLANC\" height=\"1038\" width=\"1037\" title=\"LOGO_FOND_BLANC\" onerror=\"this.style.display='none'\" loading=\"lazy\" \/>\n\t<\/figure>\n<figure itemscope itemtype=\"https:\/\/schema.org\/ImageObject\">\n\t\t\t\t<img decoding=\"async\" src=\"https:\/\/functional-strength.academy\/wp-content\/uploads\/2023\/12\/20231203_153331-scaled.jpg\" alt=\"20231203_153331\" height=\"2560\" width=\"1920\" title=\"20231203_153331\" onerror=\"this.style.display='none'\" loading=\"lazy\" \/>\n\t<\/figure>\n<figure itemscope itemtype=\"https:\/\/schema.org\/ImageObject\">\n\t\t\t\t<img decoding=\"async\" src=\"https:\/\/functional-strength.academy\/wp-content\/uploads\/2022\/11\/TJA-CertificationRehab_Temoignage4FR.gif\" alt=\"TJA-CertificationRehab_Temoignage4FR\" height=\"294\" width=\"294\" title=\"TJA-CertificationRehab_Temoignage4FR\" onerror=\"this.style.display='none'\" loading=\"lazy\" \/>\n\t<\/figure>\n<figure itemscope itemtype=\"https:\/\/schema.org\/ImageObject\">\n\t\t\t\t<img decoding=\"async\" src=\"https:\/\/functional-strength.academy\/wp-content\/uploads\/2023\/12\/20231203_153016-scaled.jpg\" alt=\"20231203_153016\" height=\"2560\" width=\"1920\" title=\"20231203_153016\" onerror=\"this.style.display='none'\" loading=\"lazy\" \/>\n\t<\/figure>\n<figure itemscope itemtype=\"https:\/\/schema.org\/ImageObject\">\n\t\t\t\t<img decoding=\"async\" src=\"https:\/\/functional-strength.academy\/wp-content\/uploads\/2022\/11\/TJA-CertificationRehab_Temoignage2FR.gif\" alt=\"TJA-CertificationRehab_Temoignage2FR\" height=\"294\" width=\"294\" title=\"TJA-CertificationRehab_Temoignage2FR\" onerror=\"this.style.display='none'\" loading=\"lazy\" \/>\n\t<\/figure>\n<figure itemscope itemtype=\"https:\/\/schema.org\/ImageObject\">\n\t\t\t\t<img decoding=\"async\" src=\"https:\/\/functional-strength.academy\/wp-content\/uploads\/2023\/12\/20231203_154400-scaled.jpg\" alt=\"20231203_154400\" height=\"2560\" width=\"1920\" title=\"20231203_154400\" onerror=\"this.style.display='none'\" loading=\"lazy\" \/>\n\t<\/figure>\n\t\t<h2>\n\t\t\tBlogue\n\t\t<\/h2>\n<figure itemscope itemtype=\"https:\/\/schema.org\/ImageObject\">\n\t\t\t\t<img decoding=\"async\" src=\"https:\/\/functional-strength.academy\/wp-content\/uploads\/2023\/12\/FSA-Accueil-WebinaireEntrainement1.png\" alt=\"FSA-Accueil-WebinaireEntrainement1\" height=\"734\" width=\"877\" title=\"FSA-Accueil-WebinaireEntrainement1\" onerror=\"this.style.display='none'\" loading=\"lazy\" \/>\n\t<\/figure>\n\t\t<h2>\n\t\t\tD\u00e9couvre comment devenir entra\u00eeneur certifi\u00e9 en 6 semaines seulement!\n\t\t<\/h2>\n\t\t\t<p>Webinaire gratuit pour les passionn\u00e9s qui veulent devenir entra\u00eeneurs priv\u00e9s<\/p>\t\t\n\t\t\t<a href=\"https:\/\/event.webinarjam.com\/m2p46\/go\/replay\/386n2cxwc9vmu6l3xi5?webinar_id=78\" target=\"_blank\" rel=\"noopener\">\n\t\t\t\t\t\tJE M&#8217;INSCRIS\n\t\t\t\t\t<\/a>\n\t\t<h2>\n\t\t\tDes questions sur l&#8217;une des formations?\n\t\t<\/h2>\n                <form method='post' enctype='multipart\/form-data' target='gform_ajax_frame_2' id='gform_2'  action='https:\/\/functional-strength.academy\/fr\/?fl_builder&#038;fl_builder_ui_iframe#gf_2' data-formid='2' novalidate><input id=\"input_e2b319fd2e41264554e8d155ce5222e0\" type=\"hidden\" name=\"input_e2b319fd2e41264554e8d155ce5222e0\" value=\"\"\/>\n                        <fieldset id=\"field_2_1\"><legend class='gfield_label gform-field-label gfield_label_before_complex'>Nom<\/legend>\n                                                    <input type='text' name='input_1.3' id='input_2_1_3' value='' tabindex='102'  aria-required='false'   placeholder='Pr\u00e9nom'  \/>\n                                                    <label for='input_2_1_3' class='gform-field-label gform-field-label--type-sub hidden_sub_label screen-reader-text'>Pr\u00e9nom<\/label>\n                                                    <input type='text' name='input_1.6' id='input_2_1_6' value='' tabindex='104'  aria-required='false'   placeholder='Nom'  \/>\n                                                    <label for='input_2_1_6' class='gform-field-label gform-field-label--type-sub hidden_sub_label screen-reader-text'>Nom<\/label>\n                        <\/fieldset><label class='gfield_label gform-field-label' for='input_2_3'>E-mail<\/label>\n                            <input name='input_3' id='input_2_3' type='email' value='' class='large' tabindex='106'  placeholder='E-mail'  aria-invalid=\"false\"  \/>\n                        <label class='gfield_label gform-field-label' for='input_2_4'>T\u00e9l\u00e9phone<\/label><input name='input_4' id='input_2_4' type='tel' value='' class='large' tabindex='107' placeholder='T\u00e9l\u00e9phone'  aria-invalid=\"false\"   \/><label class='gfield_label gform-field-label' for='input_2_5'>Formation souhait\u00e9e<\/label><select name='input_5' id='input_2_5' class='large gfield_select' tabindex='108'    aria-invalid=\"false\"><option value='Certified Personal Trainer Certification'>Certified Personal Trainer Certification<\/option><option value='Mobility Fundamentals Course - Rehab-U'>Mobility Fundamentals Course &#8211; Rehab-U<\/option><option value='Movement Optimization Certification - Rehab-U'>Movement Optimization Certification &#8211; Rehab-U<\/option><\/select><label class='gfield_label gform-field-label' for='input_2_7'>Message<\/label><textarea name='input_7' id='input_2_7' class='textarea medium' tabindex='109'   placeholder='Message'  aria-invalid=\"false\"   rows='10' cols='50'><\/textarea><p>Ce site est prot\u00e9g\u00e9 par reCAPTCHA. La <a href=\"https:\/\/policies.google.com\/privacy\" target=\"_blank\" rel=\"noopener\">Privacy Policy<\/a> ainsi que les <a href=\"https:\/\/policies.google.com\/terms\" target=\"_blank\" rel=\"noopener\">Terms of Service<\/a> de Google s&#8217;appliquent.<\/p>\n         <input type='submit' id='gform_submit_button_2' class='gform_button button' onclick='gform.submission.handleButtonClick(this);' data-submission-type='submit' value='Envoyer' tabindex='110' \/> <input type='hidden' name='gform_ajax' value='form_id=2&amp;title=&amp;description=&amp;tabindex=100&amp;theme=gravity-theme&amp;styles=[]&amp;hash=07ac1039286ae81584e51a0461ae3874' \/>\n            <input type='hidden' class='gform_hidden' name='gform_submission_method' data-js='gform_submission_method_2' value='iframe' \/>\n            <input type='hidden' class='gform_hidden' name='gform_theme' data-js='gform_theme_2' id='gform_theme_2' value='gravity-theme' \/>\n            <input type='hidden' class='gform_hidden' name='gform_style_settings' data-js='gform_style_settings_2' id='gform_style_settings_2' value='[]' \/>\n            <input type='hidden' class='gform_hidden' name='is_submit_2' value='1' \/>\n            <input type='hidden' class='gform_hidden' name='gform_submit' value='2' \/>\n            <input type='hidden' class='gform_hidden' name='gform_currency' data-currency='USD' value='AzzEx\/79af4K5CWjoc1eng3zKON4lxi6q9A88Y41SIpo+1wi1EfDB1b9MjS2IVWCKYP6gPT3d9MkYOqXi5fyL2qAL8rFWu23nc4ooIcx7fWlRmM=' \/>\n            <input type='hidden' class='gform_hidden' name='gform_unique_id' value='' \/>\n            <input type='hidden' class='gform_hidden' name='state_2' value='WyJbXSIsImMyMjY2NGUwMGY4MzJjMjgwZDYxNDNkYWJjMTlkNTIzIl0=' \/>\n            <input type='hidden' autocomplete='off' class='gform_hidden' name='gform_target_page_number_2' id='gform_target_page_number_2' value='0' \/>\n            <input type='hidden' autocomplete='off' class='gform_hidden' name='gform_source_page_number_2' id='gform_source_page_number_2' value='1' \/>\n            <input type='hidden' name='gform_field_values' value='' \/>\n                        <\/form>\n\t\t                <iframe style='display:none;width:0px;height:0px;' src='about:blank' name='gform_ajax_frame_2' id='gform_ajax_frame_2' title='Cette iframe contient la logique n\u00e9cessaire pour manipuler Gravity Forms avec Ajax.'><\/iframe>\n\n","protected":false},"excerpt":{"rendered":"<p>NOUS PROPULSONS LA PROCHAINE G\u00c9N\u00c9RATION D&#8217;ENTRA\u00ceNEURS PRIV\u00c9S Devenez la r\u00e9f\u00e9rence en entra\u00eenement gr\u00e2ce \u00e0 des formations compl\u00e8tes EN SAVOIR PLUS D\u00e9couvrez la formation qui vous&hellip;<\/p>\n","protected":false},"author":1,"featured_media":16214,"parent":0,"menu_order":0,"comment_status":"closed","ping_status":"closed","template":"page-fullwidth-content.php","meta":{"_acf_changed":false,"inline_featured_image":false,"footnotes":""},"class_list":["post-14939","page","type-page","status-publish","has-post-thumbnail","hentry"],"acf":[],"_links":{"self":[{"href":"https:\/\/functional-strength.academy\/fr\/wp-json\/wp\/v2\/pages\/14939","targetHints":{"allow":["GET"]}}],"collection":[{"href":"https:\/\/functional-strength.academy\/fr\/wp-json\/wp\/v2\/pages"}],"about":[{"href":"https:\/\/functional-strength.academy\/fr\/wp-json\/wp\/v2\/types\/page"}],"author":[{"embeddable":true,"href":"https:\/\/functional-strength.academy\/fr\/wp-json\/wp\/v2\/users\/1"}],"replies":[{"embeddable":true,"href":"https:\/\/functional-strength.academy\/fr\/wp-json\/wp\/v2\/comments?post=14939"}],"version-history":[{"count":8,"href":"https:\/\/functional-strength.academy\/fr\/wp-json\/wp\/v2\/pages\/14939\/revisions"}],"predecessor-version":[{"id":22864,"href":"https:\/\/functional-strength.academy\/fr\/wp-json\/wp\/v2\/pages\/14939\/revisions\/22864"}],"wp:featuredmedia":[{"embeddable":true,"href":"https:\/\/functional-strength.academy\/fr\/wp-json\/wp\/v2\/media\/16214"}],"wp:attachment":[{"href":"https:\/\/functional-strength.academy\/fr\/wp-json\/wp\/v2\/media?parent=14939"}],"curies":[{"name":"wp","href":"https:\/\/api.w.org\/{rel}","templated":true}]}}